{"id":15778,"date":"2023-04-07T16:45:19","date_gmt":"2023-04-07T16:45:19","guid":{"rendered":"https:\/\/ebiketours.ecoland.pt\/politique-de-confidentialite\/"},"modified":"2023-08-31T09:54:05","modified_gmt":"2023-08-31T09:54:05","slug":"politique-de-confidentialite","status":"publish","type":"page","link":"https:\/\/ebiketours.ecoland.pt\/fr\/politique-de-confidentialite\/","title":{"rendered":"Politique de confidentialit\u00e9"},"content":{"rendered":"\t\t<div data-elementor-type=\"wp-page\" data-elementor-id=\"15778\" class=\"elementor elementor-15778 elementor-12594\">\n\t\t\t\t\t\t<section class=\"elementor-section elementor-top-section elementor-element elementor-element-d6057d5 elementor-section-boxed elementor-section-height-default elementor-section-height-default\" data-id=\"d6057d5\" data-element_type=\"section\">\n\t\t\t\t\t\t<div class=\"elementor-container elementor-column-gap-default\">\n\t\t\t\t\t<div class=\"elementor-column elementor-col-100 elementor-top-column elementor-element elementor-element-1b7e1fe\" data-id=\"1b7e1fe\" data-element_type=\"column\">\n\t\t\t<div class=\"elementor-widget-wrap elementor-element-populated\">\n\t\t\t\t\t\t<div class=\"elementor-element elementor-element-492d270 elementor-widget elementor-widget-heading\" data-id=\"492d270\" data-element_type=\"widget\" data-widget_type=\"heading.default\">\n\t\t\t\t<div class=\"elementor-widget-container\">\n\t\t\t<h2 class=\"elementor-heading-title elementor-size-default\">Politique de confidentialit\u00e9 - ECOLAND E-BIKE TOURS<\/h2>\t\t<\/div>\n\t\t\t\t<\/div>\n\t\t\t\t<div class=\"elementor-element elementor-element-1cef90f elementor-widget elementor-widget-text-editor\" data-id=\"1cef90f\" data-element_type=\"widget\" data-widget_type=\"text-editor.default\">\n\t\t\t\t<div class=\"elementor-widget-container\">\n\t\t\t\t\t\t\t<p>Nous accordons une grande importance \u00e0 la protection de votre vie priv\u00e9e. <b>ECOLAND E-BIKE TOURS<\/b>a pour politique <b>&nbsp; de respecter votre vie priv\u00e9e en ce qui concerne les informations que nous pouvons recueillir sur le site web<\/b> <strong>ECOLAND E-BIKE TOURS<\/strong> et sur les autres sites web que nous poss\u00e9dons et exploitons.<\/p>\n<p>Nous ne demandons des informations personnelles que lorsque nous en avons r\u00e9ellement besoin pour vous fournir un service. Nous le faisons par des moyens justes et l\u00e9gaux, en toute connaissance de cause et avec leur consentement. Nous vous expliquons \u00e9galement pourquoi nous recueillons ces donn\u00e9es et comment elles seront utilis\u00e9es.<\/p>\n<p>Nous ne conservons les informations collect\u00e9es que le temps n\u00e9cessaire pour fournir le service demand\u00e9. Lorsque nous stockons des donn\u00e9es, nous les prot\u00e9geons par des moyens commercialement acceptables afin d&rsquo;\u00e9viter la perte et le vol, ainsi que l&rsquo;acc\u00e8s, la divulgation, la copie, l&rsquo;utilisation ou la modification non autoris\u00e9s.<\/p>\n<p>Nous ne partageons pas d&rsquo;informations personnellement identifiables avec le public ou des tiers, sauf si la loi l&rsquo;exige.<\/p>\n<p>Notre site peut contenir des liens vers des sites web externes qui ne sont pas exploit\u00e9s par nous. Veuillez noter que nous n&rsquo;avons aucun contr\u00f4le sur le contenu et les pratiques de ces sites et que nous ne pouvons \u00eatre tenus responsables de leurs politiques respectives en mati\u00e8re de protection de la vie priv\u00e9e.<\/p>\n<p>Vous \u00eates libre de refuser notre demande d&rsquo;informations personnelles, \u00e9tant entendu que nous pourrions ne pas \u00eatre en mesure de vous fournir certains des services que vous souhaitez.<\/p>\n<p>En continuant \u00e0 utiliser notre site web, vous acceptez nos pratiques en mati\u00e8re de protection de la vie priv\u00e9e et des informations personnelles. Si vous avez des questions sur la mani\u00e8re dont nous traitons les donn\u00e9es des utilisateurs et les informations personnelles, veuillez nous contacter.<\/p>\n<p><strong>Politique en mati\u00e8re de cookies&nbsp;<\/strong><br><strong>Qu&rsquo;est-ce qu&rsquo;un biscuit ?<\/strong><br>Comme la plupart des sites professionnels, ce site utilise des cookies, qui sont de petits fichiers t\u00e9l\u00e9charg\u00e9s sur votre ordinateur, afin d&rsquo;am\u00e9liorer votre exp\u00e9rience. Cette page d\u00e9crit les informations qu&rsquo;ils collectent, comment nous les utilisons et pourquoi nous avons parfois besoin de stocker ces cookies. Nous vous indiquerons \u00e9galement comment vous pouvez emp\u00eacher le stockage de ces cookies, mais cela peut entra\u00eener une d\u00e9gradation ou une interruption de certains \u00e9l\u00e9ments de la fonctionnalit\u00e9 du site.<\/p>\n<p><strong>Comment utilisons-nous les cookies ?<\/strong><br>Nous utilisons des cookies pour un certain nombre de raisons, d\u00e9taill\u00e9es ci-dessous. Malheureusement, dans la plupart des cas, il n&rsquo;existe pas d&rsquo;options standard pour d\u00e9sactiver les cookies sans d\u00e9sactiver compl\u00e8tement la fonctionnalit\u00e9 et les caract\u00e9ristiques qu&rsquo;ils ajoutent \u00e0 ce site. Il est recommand\u00e9 de laisser tous les cookies si vous n&rsquo;\u00eates pas s\u00fbr d&rsquo;en avoir besoin ou s&rsquo;ils sont utilis\u00e9s pour fournir un service que vous utilisez.<\/p>\n<p><strong>D\u00e9sactiver les cookies<\/strong><br>Vous pouvez emp\u00eacher l&rsquo;installation de cookies en r\u00e9glant les param\u00e8tres de votre navigateur (voir l&rsquo;aide du navigateur pour savoir comment proc\u00e9der). Sachez que la d\u00e9sactivation des cookies affectera la fonctionnalit\u00e9 de ce site et de nombreux autres sites que vous visitez. La d\u00e9sactivation des cookies entra\u00eene g\u00e9n\u00e9ralement la d\u00e9sactivation de certaines caract\u00e9ristiques et fonctionnalit\u00e9s de ce site web. Nous vous recommandons donc de ne pas d\u00e9sactiver les cookies.<\/p>\n<p><strong>Cookies que nous utilisons<\/strong><br><strong>Cookies li\u00e9s aux formulaires<br><\/strong>Lorsque vous soumettez des donn\u00e9es par l&rsquo;interm\u00e9diaire d&rsquo;un formulaire, comme ceux que l&rsquo;on trouve sur les pages de contact ou les formulaires de commentaires, des cookies peuvent \u00eatre install\u00e9s pour m\u00e9moriser les d\u00e9tails de l&rsquo;utilisateur en vue d&rsquo;une correspondance ult\u00e9rieure.<\/p>\n<p><strong>Cookies de pr\u00e9f\u00e9rences de site web<br><\/strong>Pour vous offrir une exp\u00e9rience optimale sur ce site web, nous mettons \u00e0 votre disposition une fonctionnalit\u00e9 permettant de d\u00e9finir vos pr\u00e9f\u00e9rences quant au fonctionnement de ce site web lorsque vous l&rsquo;utilisez. Pour m\u00e9moriser vos pr\u00e9f\u00e9rences, nous devons installer des cookies afin que ces informations puissent \u00eatre appel\u00e9es chaque fois que vous interagissez avec une page affect\u00e9e par vos pr\u00e9f\u00e9rences.<\/p>\n<p><strong>Cookies de tiers<\/strong><br>Dans certains cas particuliers, nous utilisons \u00e9galement des cookies fournis par des tiers de confiance. La section suivante d\u00e9taille les cookies de tiers que vous pouvez rencontrer sur ce site web.<\/p>\n<p>Ce site utilise Google Analytics, l&rsquo;une des solutions d&rsquo;analyse les plus r\u00e9pandues et les plus fiables sur le web, pour nous aider \u00e0 comprendre comment vous utilisez le site et comment nous pouvons am\u00e9liorer votre exp\u00e9rience. Ces cookies permettent de savoir combien de temps vous passez sur le site et les pages que vous visitez, afin que nous puissions continuer \u00e0 produire un contenu attrayant.<br>Pour plus d&rsquo;informations sur les cookies de Google Analytics, veuillez consulter la page officielle de Google Analytics.<\/p>\n<p>Des outils d&rsquo;analyse de tiers sont utilis\u00e9s pour suivre et mesurer l&rsquo;utilisation de ce site afin que nous puissions continuer \u00e0 produire un contenu attrayant. Ces cookies peuvent suivre des \u00e9l\u00e9ments tels que le temps que vous passez sur le site ou les pages que vous visitez, ce qui nous aide \u00e0 comprendre comment nous pouvons am\u00e9liorer le site pour vous.<br>P\u00e9riodiquement, nous testons de nouvelles fonctionnalit\u00e9s et apportons des changements subtils \u00e0 l&rsquo;apparence du site. Lorsque nous testons encore de nouvelles fonctionnalit\u00e9s, ces cookies peuvent \u00eatre utilis\u00e9s pour garantir une exp\u00e9rience coh\u00e9rente sur le site, tout en nous permettant de comprendre quelles sont les optimisations les plus appr\u00e9ci\u00e9es par nos utilisateurs.<br>Comme nous vendons des produits, il est important pour nous de comprendre les statistiques sur le nombre de visiteurs de notre site qui ach\u00e8tent effectivement, et c&rsquo;est donc ce type de donn\u00e9es que ces cookies suivront. C&rsquo;est important pour vous, car cela signifie que nous pouvons pr\u00e9voir avec pr\u00e9cision l&rsquo;activit\u00e9, ce qui nous permet d&rsquo;analyser les co\u00fbts de notre publicit\u00e9 et de nos produits afin d&rsquo;obtenir le meilleur prix possible.<\/p>\n<p><strong>Engagement de l&rsquo;utilisateur<\/strong><br>L&rsquo;utilisateur s&rsquo;engage \u00e0 faire un usage appropri\u00e9 des contenus et des informations que <strong>ECOLAND E-BIKE TOURS<\/strong> propose sur le site et qui ont un caract\u00e8re indicatif, mais non limitatif :<\/p>\n<p>A) Ne pas s&rsquo;engager dans des activit\u00e9s ill\u00e9gales ou contraires \u00e0 la bonne foi et \u00e0 l&rsquo;ordre public ;<br>B) Ne pas diffuser de propagande ou de contenu \u00e0 caract\u00e8re raciste, x\u00e9nophobe, ou de jeux d&rsquo;argent l\u00e9gaux, de jeux de hasard, de tout type de pornographie ill\u00e9gale, d&rsquo;apologie du terrorisme ou contre les droits de l&rsquo;homme ;<br>C) Ne pas causer de dommages aux syst\u00e8mes physiques (hardware) et logiques (software) de <strong>ECOLAND E-BIKE TOURS<\/strong>, de ses fournisseurs ou de tiers, introduire ou diffuser des virus informatiques ou tout autre syst\u00e8me hardware ou software capable de causer les dommages mentionn\u00e9s ci-dessus.<\/p>\n<p>Plus d&rsquo;informations<br>Nous esp\u00e9rons avoir \u00e9clairci ce point et, comme indiqu\u00e9 pr\u00e9c\u00e9demment, si vous n&rsquo;\u00eates pas s\u00fbr d&rsquo;avoir besoin de quelque chose, il est g\u00e9n\u00e9ralement plus prudent de laisser les cookies activ\u00e9s si vous interagissez avec l&rsquo;une des fonctions que vous utilisez sur notre site.<\/p>\n<p><strong>Cette politique entre en vigueur en juin 2021.<\/strong><\/p>\t\t\t\t\t\t<\/div>\n\t\t\t\t<\/div>\n\t\t\t\t\t<\/div>\n\t\t<\/div>\n\t\t\t\t\t<\/div>\n\t\t<\/section>\n\t\t\t\t<\/div>\n\t\t","protected":false},"excerpt":{"rendered":"<p>Politique de confidentialit\u00e9 &#8211; ECOLAND E-BIKE TOURS Nous accordons une grande importance \u00e0 la protection de votre vie priv\u00e9e. ECOLAND E-BIKE TOURSa pour politique \u00a0 de respecter votre vie priv\u00e9e en ce qui concerne les informations que nous pouvons recueillir sur le site web ECOLAND E-BIKE TOURS et sur les autres sites web que nous [&hellip;]<\/p>\n","protected":false},"author":2,"featured_media":0,"parent":0,"menu_order":0,"comment_status":"closed","ping_status":"closed","template":"","meta":[],"aioseo_notices":[],"_links":{"self":[{"href":"https:\/\/ebiketours.ecoland.pt\/fr\/wp-json\/wp\/v2\/pages\/15778"}],"collection":[{"href":"https:\/\/ebiketours.ecoland.pt\/fr\/wp-json\/wp\/v2\/pages"}],"about":[{"href":"https:\/\/ebiketours.ecoland.pt\/fr\/wp-json\/wp\/v2\/types\/page"}],"author":[{"embeddable":true,"href":"https:\/\/ebiketours.ecoland.pt\/fr\/wp-json\/wp\/v2\/users\/2"}],"replies":[{"embeddable":true,"href":"https:\/\/ebiketours.ecoland.pt\/fr\/wp-json\/wp\/v2\/comments?post=15778"}],"version-history":[{"count":3,"href":"https:\/\/ebiketours.ecoland.pt\/fr\/wp-json\/wp\/v2\/pages\/15778\/revisions"}],"predecessor-version":[{"id":18153,"href":"https:\/\/ebiketours.ecoland.pt\/fr\/wp-json\/wp\/v2\/pages\/15778\/revisions\/18153"}],"wp:attachment":[{"href":"https:\/\/ebiketours.ecoland.pt\/fr\/wp-json\/wp\/v2\/media?parent=15778"}],"curies":[{"name":"wp","href":"https:\/\/api.w.org\/{rel}","templated":true}]}}