{"id":15729,"date":"2023-04-07T16:41:00","date_gmt":"2023-04-07T16:41:00","guid":{"rendered":"https:\/\/ebiketours.ecoland.pt\/conditions-generales-dutilisation\/"},"modified":"2023-08-31T09:54:36","modified_gmt":"2023-08-31T09:54:36","slug":"conditions-generales-dutilisation","status":"publish","type":"page","link":"https:\/\/ebiketours.ecoland.pt\/fr\/conditions-generales-dutilisation\/","title":{"rendered":"Conditions g\u00e9n\u00e9rales d&rsquo;utilisation"},"content":{"rendered":"\t\t<div data-elementor-type=\"wp-page\" data-elementor-id=\"15729\" class=\"elementor elementor-15729 elementor-12583\">\n\t\t\t\t\t\t<section class=\"elementor-section elementor-top-section elementor-element elementor-element-d6057d5 elementor-section-boxed elementor-section-height-default elementor-section-height-default\" data-id=\"d6057d5\" data-element_type=\"section\">\n\t\t\t\t\t\t<div class=\"elementor-container elementor-column-gap-default\">\n\t\t\t\t\t<div class=\"elementor-column elementor-col-100 elementor-top-column elementor-element elementor-element-1b7e1fe\" data-id=\"1b7e1fe\" data-element_type=\"column\">\n\t\t\t<div class=\"elementor-widget-wrap elementor-element-populated\">\n\t\t\t\t\t\t<div class=\"elementor-element elementor-element-492d270 elementor-widget elementor-widget-heading\" data-id=\"492d270\" data-element_type=\"widget\" data-widget_type=\"heading.default\">\n\t\t\t\t<div class=\"elementor-widget-container\">\n\t\t\t<h2 class=\"elementor-heading-title elementor-size-default\">Conditions g\u00e9n\u00e9rales - ECOLAND E-BIKE TOURS<\/h2>\t\t<\/div>\n\t\t\t\t<\/div>\n\t\t\t\t<div class=\"elementor-element elementor-element-1cef90f elementor-widget elementor-widget-text-editor\" data-id=\"1cef90f\" data-element_type=\"widget\" data-widget_type=\"text-editor.default\">\n\t\t\t\t<div class=\"elementor-widget-container\">\n\t\t\t\t\t\t\t<p>Les pr\u00e9sentes conditions g\u00e9n\u00e9rales r\u00e9gissent l&rsquo;utilisation du site web https:\/\/ebiketours.ecoland.pt.<em>&nbsp;<\/em>(\u00ab\u00a0Site\u00a0\u00bb). En acc\u00e9dant au site et en l&rsquo;utilisant, vous reconnaissez et acceptez ces conditions. Si vous n&rsquo;acceptez pas les conditions g\u00e9n\u00e9rales, n&rsquo;utilisez pas le site.<\/p>\n<p>Champ d&rsquo;application<br>Les pr\u00e9sentes conditions g\u00e9n\u00e9rales s&rsquo;appliquent aux relations entre  <strong>Ecoland<\/strong>  avec si\u00e8ge \u00e0 Corte Gafo de Cima &#8211; M\u00e9rtola&nbsp;  (ci-apr\u00e8s www.ebiketours.ecoland.pt) et les Utilisateurs du Site et a pour objet de fournir des informations g\u00e9n\u00e9rales sur notre soci\u00e9t\u00e9, nos produits, nos services et son activit\u00e9 g\u00e9n\u00e9rale.<\/p>\n<p><strong>Droits de propri\u00e9t\u00e9 intellectuelle et industrielle<\/strong><br>Les utilisateurs du Site reconnaissent que l&rsquo;ensemble du contenu appartient \u00e0<strong> www.ebiketours.ecoland.pt<em>&nbsp;<\/em><\/strong>ou \u00e0 ses partenaires. L&rsquo;ensemble des contenus, textes, photographies, dessins, images, logos, programmes informatiques, la base de donn\u00e9es existant sur le Site, ainsi que le Site lui-m\u00eame en tant qu&rsquo;\u0153uvre multim\u00e9dia, sont prot\u00e9g\u00e9s par le droit d&rsquo;auteur en vertu de la l\u00e9gislation en vigueur.<\/p>\n<p>Les marques commerciales, logos et marques de service figurant sur le site sont la propri\u00e9t\u00e9 de&nbsp;<strong>www.ebiketours.ecoland.pt<\/strong>&nbsp;ou de tiers (identifi\u00e9s) et leur utilisation n&rsquo;est pas autoris\u00e9e sans notre accord pr\u00e9alable.<\/p>\n<p><strong>Protection des donn\u00e9es<\/strong><br>Vous pouvez consulter notre politique de confidentialit\u00e9 \u00e0 l&rsquo;adresse suivante&nbsp;<a href=\"https:\/\/ebiketours.ecoland.pt\/politica-de-privacidade\/\">Politique de confidentialit\u00e9.<\/a><\/p>\n<p><strong>Responsabilit\u00e9<\/strong><br><strong>A www.ebiketours.ecoland.pt<\/strong>&nbsp;n&rsquo;est pas responsable des d\u00e9faillances techniques ou des anomalies des r\u00e9seaux ou des lignes t\u00e9l\u00e9phoniques, des syst\u00e8mes informatiques en ligne, des serveurs ou des fournisseurs, de l&rsquo;\u00e9quipement informatique, des logiciels, des d\u00e9faillances du service de courrier \u00e9lectronique ou des lecteurs de contenu dues \u00e0 des probl\u00e8mes techniques ou \u00e0 l&rsquo;encombrement de l&rsquo;internet ou d&rsquo;une page web, ou \u00e0 une combinaison de ces \u00e9l\u00e9ments, y compris la perte ou l&rsquo;endommagement de votre ordinateur.<\/p>\n<p>&nbsp;<strong>www.ebiketours.ecoland.pt<\/strong>&nbsp;se r\u00e9serve le droit d&rsquo;interrompre l&rsquo;acc\u00e8s au site Web pendant la p\u00e9riode qu&rsquo;elle jugera n\u00e9cessaire pour toute raison d&rsquo;ordre technique, administratif, de force majeure ou autre qui pourrait survenir et qui n&rsquo;est pas directement envisag\u00e9e dans les pr\u00e9sentes.<\/p>\n<p><strong>Modification des conditions g\u00e9n\u00e9rales<\/strong><br>A&nbsp;www.ebiketours.ecoland.pt&nbsp;peut modifier automatiquement et \u00e0 tout moment les pr\u00e9sentes conditions g\u00e9n\u00e9rales. Les conditions g\u00e9n\u00e9rales r\u00e9vis\u00e9es sont r\u00e9put\u00e9es avoir \u00e9t\u00e9 accept\u00e9es par les utilisateurs s&rsquo;ils continuent \u00e0 utiliser le portail apr\u00e8s la publication des nouvelles conditions g\u00e9n\u00e9rales.<\/p>\n<p><strong>Liens vers des sites de tiers<\/strong><br>A&nbsp;www.ebiketours.ecoland.pt&nbsp;peut fournir des liens vers d&rsquo;autres pages, mais ne contr\u00f4le pas le contenu de ces pages et n&rsquo;en est pas responsable&nbsp;. Les utilisateurs doivent consulter les conditions g\u00e9n\u00e9rales et la politique de confidentialit\u00e9 de ces liens.<\/p>\n<p><strong>R\u00e9solution des conflits<\/strong><br>En cas de litige, le consommateur peut faire appel \u00e0 un organe alternatif de r\u00e8glement des litiges.<br>Plus d&rsquo;informations sur le portail des consommateurs&nbsp;<a href=\"http:\/\/www.consumidor.pt\/\" data-saferedirecturl=\"https:\/\/www.google.com\/url?hl=pt-PT&amp;q=http:\/\/www.consumidor.pt&amp;source=gmail&amp;ust=1463050330855000&amp;usg=AFQjCNHFpMJ_LGZwlQwjYmseq03dBrCUgQ\">www.consumidor.pt<\/a><\/p>\n<p><strong>Contact<\/strong><br>Si vous avez des doutes ou des questions concernant les pr\u00e9sentes conditions g\u00e9n\u00e9rales, veuillez nous contacter par courrier \u00e9lectronique&nbsp;<strong>info@ecoland.pt<\/strong><\/p>\t\t\t\t\t\t<\/div>\n\t\t\t\t<\/div>\n\t\t\t\t\t<\/div>\n\t\t<\/div>\n\t\t\t\t\t<\/div>\n\t\t<\/section>\n\t\t\t\t<\/div>\n\t\t","protected":false},"excerpt":{"rendered":"<p>Conditions g\u00e9n\u00e9rales &#8211; ECOLAND E-BIKE TOURS Les pr\u00e9sentes conditions g\u00e9n\u00e9rales r\u00e9gissent l&rsquo;utilisation du site web https:\/\/ebiketours.ecoland.pt.\u00a0(\u00ab\u00a0Site\u00a0\u00bb). En acc\u00e9dant au site et en l&rsquo;utilisant, vous reconnaissez et acceptez ces conditions. Si vous n&rsquo;acceptez pas les conditions g\u00e9n\u00e9rales, n&rsquo;utilisez pas le site. Champ d&rsquo;application Les pr\u00e9sentes conditions g\u00e9n\u00e9rales s&rsquo;appliquent aux relations entre Ecoland avec si\u00e8ge \u00e0 Corte [&hellip;]<\/p>\n","protected":false},"author":2,"featured_media":0,"parent":0,"menu_order":0,"comment_status":"closed","ping_status":"closed","template":"","meta":[],"aioseo_notices":[],"_links":{"self":[{"href":"https:\/\/ebiketours.ecoland.pt\/fr\/wp-json\/wp\/v2\/pages\/15729"}],"collection":[{"href":"https:\/\/ebiketours.ecoland.pt\/fr\/wp-json\/wp\/v2\/pages"}],"about":[{"href":"https:\/\/ebiketours.ecoland.pt\/fr\/wp-json\/wp\/v2\/types\/page"}],"author":[{"embeddable":true,"href":"https:\/\/ebiketours.ecoland.pt\/fr\/wp-json\/wp\/v2\/users\/2"}],"replies":[{"embeddable":true,"href":"https:\/\/ebiketours.ecoland.pt\/fr\/wp-json\/wp\/v2\/comments?post=15729"}],"version-history":[{"count":3,"href":"https:\/\/ebiketours.ecoland.pt\/fr\/wp-json\/wp\/v2\/pages\/15729\/revisions"}],"predecessor-version":[{"id":18154,"href":"https:\/\/ebiketours.ecoland.pt\/fr\/wp-json\/wp\/v2\/pages\/15729\/revisions\/18154"}],"wp:attachment":[{"href":"https:\/\/ebiketours.ecoland.pt\/fr\/wp-json\/wp\/v2\/media?parent=15729"}],"curies":[{"name":"wp","href":"https:\/\/api.w.org\/{rel}","templated":true}]}}