{"id":18127,"date":"2023-08-31T09:13:28","date_gmt":"2023-08-31T09:13:28","guid":{"rendered":"https:\/\/ebiketours.ecoland.pt\/programas\/"},"modified":"2023-10-10T15:46:40","modified_gmt":"2023-10-10T15:46:40","slug":"programas","status":"publish","type":"page","link":"https:\/\/ebiketours.ecoland.pt\/es\/programas\/","title":{"rendered":"Programas"},"content":{"rendered":"\t\t<div data-elementor-type=\"wp-page\" data-elementor-id=\"18127\" class=\"elementor elementor-18127 elementor-17815\">\n\t\t\t\t\t\t<section class=\"elementor-section elementor-top-section elementor-element elementor-element-f43864e elementor-section-boxed elementor-section-height-default elementor-section-height-default\" data-id=\"f43864e\" data-element_type=\"section\">\n\t\t\t\t\t\t<div class=\"elementor-container elementor-column-gap-default\">\n\t\t\t\t\t<div class=\"elementor-column elementor-col-100 elementor-top-column elementor-element elementor-element-b23fd55\" data-id=\"b23fd55\" data-element_type=\"column\">\n\t\t\t<div class=\"elementor-widget-wrap elementor-element-populated\">\n\t\t\t\t\t\t<div class=\"elementor-element elementor-element-3819d32 elementor-widget elementor-widget-heading\" data-id=\"3819d32\" data-element_type=\"widget\" data-widget_type=\"heading.default\">\n\t\t\t\t<div class=\"elementor-widget-container\">\n\t\t\t<h2 class=\"elementor-heading-title elementor-size-default\">Descubre nuestros programas <br>y viva nuevas experiencias<\/h2>\t\t<\/div>\n\t\t\t\t<\/div>\n\t\t\t\t\t<\/div>\n\t\t<\/div>\n\t\t\t\t\t<\/div>\n\t\t<\/section>\n\t\t\t\t<section class=\"elementor-section elementor-top-section elementor-element elementor-element-11dd14a elementor-section-boxed elementor-section-height-default elementor-section-height-default\" data-id=\"11dd14a\" data-element_type=\"section\">\n\t\t\t\t\t\t<div class=\"elementor-container elementor-column-gap-default\">\n\t\t\t\t\t<div class=\"elementor-column elementor-col-50 elementor-top-column elementor-element elementor-element-76ad28d\" data-id=\"76ad28d\" data-element_type=\"column\">\n\t\t\t<div class=\"elementor-widget-wrap elementor-element-populated\">\n\t\t\t\t\t\t<div class=\"elementor-element elementor-element-dc308df elementor-widget elementor-widget-image\" data-id=\"dc308df\" data-element_type=\"widget\" data-widget_type=\"image.default\">\n\t\t\t\t<div class=\"elementor-widget-container\">\n\t\t\t\t\t\t\t\t\t\t\t\t\t\t<a href=\"https:\/\/ebiketours.ecoland.pt\/es\/2-dias-sobre-ruedas\/\">\n\t\t\t\t\t\t\t<img fetchpriority=\"high\" decoding=\"async\" width=\"800\" height=\"521\" src=\"https:\/\/ebiketours.ecoland.pt\/wp-content\/uploads\/2023\/09\/Asset-2-8-1024x667.png\" class=\"attachment-large size-large wp-image-18190\" alt=\"\" srcset=\"https:\/\/ebiketours.ecoland.pt\/wp-content\/uploads\/2023\/09\/Asset-2-8-1024x667.png 1024w, https:\/\/ebiketours.ecoland.pt\/wp-content\/uploads\/2023\/09\/Asset-2-8-300x196.png 300w, https:\/\/ebiketours.ecoland.pt\/wp-content\/uploads\/2023\/09\/Asset-2-8-768x501.png 768w, https:\/\/ebiketours.ecoland.pt\/wp-content\/uploads\/2023\/09\/Asset-2-8.png 1031w\" sizes=\"(max-width: 800px) 100vw, 800px\" \/>\t\t\t\t\t\t\t\t<\/a>\n\t\t\t\t\t\t\t\t\t\t\t\t\t<\/div>\n\t\t\t\t<\/div>\n\t\t\t\t<div class=\"elementor-element elementor-element-77bf695 elementor-widget elementor-widget-heading\" data-id=\"77bf695\" data-element_type=\"widget\" data-widget_type=\"heading.default\">\n\t\t\t\t<div class=\"elementor-widget-container\">\n\t\t\t<h2 class=\"elementor-heading-title elementor-size-default\">2 D\u00edas Sobre Rodas<\/h2>\t\t<\/div>\n\t\t\t\t<\/div>\n\t\t\t\t<section class=\"elementor-section elementor-inner-section elementor-element elementor-element-f395f71 elementor-section-boxed elementor-section-height-default elementor-section-height-default\" data-id=\"f395f71\" data-element_type=\"section\">\n\t\t\t\t\t\t<div class=\"elementor-container elementor-column-gap-default\">\n\t\t\t\t\t<div class=\"elementor-column elementor-col-50 elementor-inner-column elementor-element elementor-element-dc2aa8e\" data-id=\"dc2aa8e\" data-element_type=\"column\">\n\t\t\t<div class=\"elementor-widget-wrap elementor-element-populated\">\n\t\t\t\t\t\t<div class=\"elementor-element elementor-element-67d3101 elementor-widget elementor-widget-text-editor\" data-id=\"67d3101\" data-element_type=\"widget\" data-widget_type=\"text-editor.default\">\n\t\t\t\t<div class=\"elementor-widget-container\">\n\t\t\t\t\t\t\t<p>Incluye:<\/p>\n<p>&nbsp;&#8211; Recorrido por dos rutas<\/p>\n<p>&nbsp;&#8211; Oferta m\u00e1s barata<\/p>\n<p>&nbsp;&#8211; M\u00e1s aventura<\/p>\n<p>&nbsp;&#8211; M\u00e1s Inmersi\u00f3n<\/p>\t\t\t\t\t\t<\/div>\n\t\t\t\t<\/div>\n\t\t\t\t\t<\/div>\n\t\t<\/div>\n\t\t\t\t<div class=\"elementor-column elementor-col-50 elementor-inner-column elementor-element elementor-element-b622f0f\" data-id=\"b622f0f\" data-element_type=\"column\">\n\t\t\t<div class=\"elementor-widget-wrap elementor-element-populated\">\n\t\t\t\t\t\t<div class=\"elementor-element elementor-element-2b23e82 elementor-widget elementor-widget-text-editor\" data-id=\"2b23e82\" data-element_type=\"widget\" data-widget_type=\"text-editor.default\">\n\t\t\t\t<div class=\"elementor-widget-container\">\n\t\t\t\t\t\t\t<p>No se incluye:<\/p>\n<p> &#8211; Alojamiento<\/p>\n\t\t\t\t\t\t<\/div>\n\t\t\t\t<\/div>\n\t\t\t\t\t<\/div>\n\t\t<\/div>\n\t\t\t\t\t<\/div>\n\t\t<\/section>\n\t\t\t\t\t<\/div>\n\t\t<\/div>\n\t\t\t\t<div class=\"elementor-column elementor-col-50 elementor-top-column elementor-element elementor-element-2d384fd\" data-id=\"2d384fd\" data-element_type=\"column\">\n\t\t\t<div class=\"elementor-widget-wrap elementor-element-populated\">\n\t\t\t\t\t\t<div class=\"elementor-element elementor-element-9a8d060 elementor-widget elementor-widget-image\" data-id=\"9a8d060\" data-element_type=\"widget\" data-widget_type=\"image.default\">\n\t\t\t\t<div class=\"elementor-widget-container\">\n\t\t\t\t\t\t\t\t\t\t\t\t\t\t<a href=\"https:\/\/ebiketours.ecoland.pt\/es\/3-dias-sobre-rodas\">\n\t\t\t\t\t\t\t<img decoding=\"async\" width=\"800\" height=\"495\" src=\"https:\/\/ebiketours.ecoland.pt\/wp-content\/uploads\/2023\/10\/Asset-19-1024x634.png\" class=\"attachment-large size-large wp-image-18317\" alt=\"\" srcset=\"https:\/\/ebiketours.ecoland.pt\/wp-content\/uploads\/2023\/10\/Asset-19-1024x634.png 1024w, https:\/\/ebiketours.ecoland.pt\/wp-content\/uploads\/2023\/10\/Asset-19-300x186.png 300w, https:\/\/ebiketours.ecoland.pt\/wp-content\/uploads\/2023\/10\/Asset-19-768x476.png 768w, https:\/\/ebiketours.ecoland.pt\/wp-content\/uploads\/2023\/10\/Asset-19.png 1109w\" sizes=\"(max-width: 800px) 100vw, 800px\" \/>\t\t\t\t\t\t\t\t<\/a>\n\t\t\t\t\t\t\t\t\t\t\t\t\t<\/div>\n\t\t\t\t<\/div>\n\t\t\t\t<div class=\"elementor-element elementor-element-b2df1b0 elementor-widget elementor-widget-heading\" data-id=\"b2df1b0\" data-element_type=\"widget\" data-widget_type=\"heading.default\">\n\t\t\t\t<div class=\"elementor-widget-container\">\n\t\t\t<h2 class=\"elementor-heading-title elementor-size-default\">3 D\u00edas Sobre Rodas<\/h2>\t\t<\/div>\n\t\t\t\t<\/div>\n\t\t\t\t<section class=\"elementor-section elementor-inner-section elementor-element elementor-element-c4feafe elementor-section-boxed elementor-section-height-default elementor-section-height-default\" data-id=\"c4feafe\" data-element_type=\"section\">\n\t\t\t\t\t\t<div class=\"elementor-container elementor-column-gap-default\">\n\t\t\t\t\t<div class=\"elementor-column elementor-col-50 elementor-inner-column elementor-element elementor-element-8459de4\" data-id=\"8459de4\" data-element_type=\"column\">\n\t\t\t<div class=\"elementor-widget-wrap elementor-element-populated\">\n\t\t\t\t\t\t<div class=\"elementor-element elementor-element-8dca959 elementor-widget elementor-widget-text-editor\" data-id=\"8dca959\" data-element_type=\"widget\" data-widget_type=\"text-editor.default\">\n\t\t\t\t<div class=\"elementor-widget-container\">\n\t\t\t\t\t\t\t<p>Incluye:<\/p>\n<p> &#8211; Recorrido por dos rutas<\/p>\n<p> &#8211; M\u00e1s Actividades<\/p>\n<p> &#8211; M\u00e1s aventura<\/p>\n<p> &#8211; M\u00e1s Inmersi\u00f3n<\/p>\n\t\t\t\t\t\t<\/div>\n\t\t\t\t<\/div>\n\t\t\t\t\t<\/div>\n\t\t<\/div>\n\t\t\t\t<div class=\"elementor-column elementor-col-50 elementor-inner-column elementor-element elementor-element-6e7136c\" data-id=\"6e7136c\" data-element_type=\"column\">\n\t\t\t<div class=\"elementor-widget-wrap elementor-element-populated\">\n\t\t\t\t\t\t<div class=\"elementor-element elementor-element-764b6d2 elementor-widget elementor-widget-text-editor\" data-id=\"764b6d2\" data-element_type=\"widget\" data-widget_type=\"text-editor.default\">\n\t\t\t\t<div class=\"elementor-widget-container\">\n\t\t\t\t\t\t\t<p>No se incluye:<\/p>\n<p> &#8211; Alojamiento<\/p>\n\t\t\t\t\t\t<\/div>\n\t\t\t\t<\/div>\n\t\t\t\t\t<\/div>\n\t\t<\/div>\n\t\t\t\t\t<\/div>\n\t\t<\/section>\n\t\t\t\t\t<\/div>\n\t\t<\/div>\n\t\t\t\t\t<\/div>\n\t\t<\/section>\n\t\t\t\t<\/div>\n\t\t","protected":false},"excerpt":{"rendered":"<p>Descubre nuestros programas y viva nuevas experiencias 2 D\u00edas Sobre Rodas Incluye: &nbsp;&#8211; Recorrido por dos rutas &nbsp;&#8211; Oferta m\u00e1s barata &nbsp;&#8211; M\u00e1s aventura &nbsp;&#8211; M\u00e1s Inmersi\u00f3n No se incluye: &#8211; Alojamiento 3 D\u00edas Sobre Rodas Incluye: &#8211; Recorrido por dos rutas &#8211; M\u00e1s Actividades &#8211; M\u00e1s aventura &#8211; M\u00e1s Inmersi\u00f3n No se incluye: &#8211; [&hellip;]<\/p>\n","protected":false},"author":2,"featured_media":0,"parent":0,"menu_order":0,"comment_status":"closed","ping_status":"closed","template":"","meta":[],"aioseo_notices":[],"_links":{"self":[{"href":"https:\/\/ebiketours.ecoland.pt\/es\/wp-json\/wp\/v2\/pages\/18127"}],"collection":[{"href":"https:\/\/ebiketours.ecoland.pt\/es\/wp-json\/wp\/v2\/pages"}],"about":[{"href":"https:\/\/ebiketours.ecoland.pt\/es\/wp-json\/wp\/v2\/types\/page"}],"author":[{"embeddable":true,"href":"https:\/\/ebiketours.ecoland.pt\/es\/wp-json\/wp\/v2\/users\/2"}],"replies":[{"embeddable":true,"href":"https:\/\/ebiketours.ecoland.pt\/es\/wp-json\/wp\/v2\/comments?post=18127"}],"version-history":[{"count":15,"href":"https:\/\/ebiketours.ecoland.pt\/es\/wp-json\/wp\/v2\/pages\/18127\/revisions"}],"predecessor-version":[{"id":18430,"href":"https:\/\/ebiketours.ecoland.pt\/es\/wp-json\/wp\/v2\/pages\/18127\/revisions\/18430"}],"wp:attachment":[{"href":"https:\/\/ebiketours.ecoland.pt\/es\/wp-json\/wp\/v2\/media?parent=18127"}],"curies":[{"name":"wp","href":"https:\/\/api.w.org\/{rel}","templated":true}]}}