{"id":15750,"date":"2023-04-07T16:41:07","date_gmt":"2023-04-07T16:41:07","guid":{"rendered":"https:\/\/ebiketours.ecoland.pt\/politica-de-privacidad\/"},"modified":"2023-08-31T09:56:04","modified_gmt":"2023-08-31T09:56:04","slug":"politica-de-privacidad","status":"publish","type":"page","link":"https:\/\/ebiketours.ecoland.pt\/es\/politica-de-privacidad\/","title":{"rendered":"Pol\u00edtica de privacidad"},"content":{"rendered":"\t\t<div data-elementor-type=\"wp-page\" data-elementor-id=\"15750\" class=\"elementor elementor-15750 elementor-12594\">\n\t\t\t\t\t\t<section class=\"elementor-section elementor-top-section elementor-element elementor-element-d6057d5 elementor-section-boxed elementor-section-height-default elementor-section-height-default\" data-id=\"d6057d5\" data-element_type=\"section\">\n\t\t\t\t\t\t<div class=\"elementor-container elementor-column-gap-default\">\n\t\t\t\t\t<div class=\"elementor-column elementor-col-100 elementor-top-column elementor-element elementor-element-1b7e1fe\" data-id=\"1b7e1fe\" data-element_type=\"column\">\n\t\t\t<div class=\"elementor-widget-wrap elementor-element-populated\">\n\t\t\t\t\t\t<div class=\"elementor-element elementor-element-492d270 elementor-widget elementor-widget-heading\" data-id=\"492d270\" data-element_type=\"widget\" data-widget_type=\"heading.default\">\n\t\t\t\t<div class=\"elementor-widget-container\">\n\t\t\t<h2 class=\"elementor-heading-title elementor-size-default\">Pol\u00edtica de privacidad - ECOLAND E-BIKE TOURS<\/h2>\t\t<\/div>\n\t\t\t\t<\/div>\n\t\t\t\t<div class=\"elementor-element elementor-element-1cef90f elementor-widget elementor-widget-text-editor\" data-id=\"1cef90f\" data-element_type=\"widget\" data-widget_type=\"text-editor.default\">\n\t\t\t\t<div class=\"elementor-widget-container\">\n\t\t\t\t\t\t\t<p>Su privacidad es importante para nosotros. Es pol\u00edtica de <strong>ECOLAND E-BIKE<\/strong> TOURS <b>&nbsp; respetar su privacidad con respecto a cualquier informaci\u00f3n que podamos recopilar en el sitio web de<\/b> <strong>ECOLAND E-BIKE TOURS<\/strong>, y en otros sitios web que poseemos y gestionamos.<\/p>\n<p>S\u00f3lo solicitamos informaci\u00f3n personal cuando realmente la necesitamos para prestarle un servicio. Lo hacemos por medios justos y legales, con su conocimiento y consentimiento. Tambi\u00e9n le explicamos por qu\u00e9 la recopilamos y c\u00f3mo se utilizar\u00e1.<\/p>\n<p>S\u00f3lo conservamos la informaci\u00f3n recopilada durante el tiempo necesario para prestar el servicio solicitado. Cuando almacenamos datos, los protegemos con medios comercialmente aceptables para evitar p\u00e9rdidas y robos, as\u00ed como el acceso, la divulgaci\u00f3n, la copia, el uso o la modificaci\u00f3n no autorizados.<\/p>\n<p>No compartimos informaci\u00f3n de identificaci\u00f3n personal p\u00fablicamente ni con terceros, excepto cuando lo exige la ley.<\/p>\n<p>Nuestro sitio puede tener enlaces a sitios web externos que no son operados por nosotros. Tenga en cuenta que no tenemos ning\u00fan control sobre el contenido y las pr\u00e1cticas de estos sitios y no podemos aceptar la responsabilidad de sus respectivas pol\u00edticas de privacidad.<\/p>\n<p>Usted es libre de rechazar nuestra solicitud de informaci\u00f3n personal entendiendo que es posible que no podamos prestarle algunos de los servicios que desea.<\/p>\n<p>Su uso continuado de nuestro sitio web se considerar\u00e1 como aceptaci\u00f3n de nuestras pr\u00e1cticas en torno a la privacidad y la informaci\u00f3n personal. Si tiene alguna pregunta sobre c\u00f3mo tratamos los datos de los usuarios y la informaci\u00f3n personal, p\u00f3ngase en contacto con nosotros.<\/p>\n<p><strong>Pol\u00edtica de cookies&nbsp;<\/strong><br><strong>\u00bfQu\u00e9 son las cookies?<\/strong><br>Como es pr\u00e1ctica habitual en casi todos los sitios web profesionales, este sitio utiliza cookies, que son peque\u00f1os archivos que se descargan en su ordenador para mejorar su experiencia. Esta p\u00e1gina describe qu\u00e9 informaci\u00f3n recogen, c\u00f3mo la utilizamos y por qu\u00e9 a veces necesitamos almacenar estas cookies. Tambi\u00e9n le indicaremos c\u00f3mo puede evitar que se almacenen estas cookies, aunque esto puede degradar o \u00abromper\u00bb ciertos elementos de la funcionalidad del sitio.<\/p>\n<p><strong>\u00bfC\u00f3mo utilizamos las cookies?<\/strong><br>Utilizamos cookies por varias razones, que se detallan a continuaci\u00f3n. Lamentablemente, en la mayor\u00eda de los casos, no existen opciones est\u00e1ndar en la industria para desactivar las cookies sin inhabilitar por completo la funcionalidad y las caracter\u00edsticas que a\u00f1aden a este sitio. Se recomienda que abandone todas las cookies si no est\u00e1 seguro de si las necesita o no en caso de que se utilicen para proporcionarle un servicio que usted utilice.<\/p>\n<p><strong>Desactivar cookies<\/strong><br>Puede evitar la instalaci\u00f3n de cookies ajustando la configuraci\u00f3n de su navegador (consulte la Ayuda del navegador para saber c\u00f3mo hacerlo). Tenga en cuenta que desactivar las cookies afectar\u00e1 a la funcionalidad de este y muchos otros sitios web que visite. Si se desactivan las cookies, por lo general quedar\u00e1n inhabilitadas determinadas caracter\u00edsticas y funciones de este sitio web. Por lo tanto, le recomendamos que no desactive las cookies.<\/p>\n<p><strong>Cookies que instalamos<\/strong><br><strong>Cookies relacionadas con formularios<br><\/strong>Cuando se env\u00edan datos a trav\u00e9s de un formulario, como los que se encuentran en las p\u00e1ginas de contacto o en los formularios de comentarios, se pueden configurar cookies para recordar los datos del usuario para futuras correspondencias.<\/p>\n<p><strong>Cookies de preferencias del sitio web<br><\/strong>Para ofrecerle una experiencia \u00f3ptima en este sitio web, proporcionamos una funcionalidad para establecer sus preferencias sobre c\u00f3mo funciona este sitio web cuando lo utiliza. Para recordar sus preferencias, necesitamos instalar cookies de modo que esta informaci\u00f3n pueda ser consultada cada vez que usted interact\u00fae con una p\u00e1gina afectada por sus preferencias.<\/p>\n<p><strong>Cookies de terceros<\/strong><br>En algunos casos especiales, tambi\u00e9n utilizamos cookies proporcionadas por terceros de confianza. La siguiente secci\u00f3n detalla qu\u00e9 cookies de terceros puede encontrar a trav\u00e9s de este sitio web.<\/p>\n<p>Este sitio web utiliza Google Analytics, que es una de las soluciones anal\u00edticas m\u00e1s extendidas y fiables de la web, para ayudarnos a comprender c\u00f3mo utiliza el sitio y c\u00f3mo podemos mejorar su experiencia. Estas cookies pueden rastrear aspectos como el tiempo que pasa en el sitio y las p\u00e1ginas que visita para que podamos seguir produciendo contenidos atractivos.<br>Para obtener m\u00e1s informaci\u00f3n sobre las cookies de Google Analytics, consulte la p\u00e1gina oficial de Google Analytics.<\/p>\n<p>Los an\u00e1lisis de terceros se utilizan para rastrear y medir el uso de este sitio, de modo que podamos seguir produciendo contenidos atractivos. Estas cookies pueden rastrear elementos como el tiempo que pasa en el sitio o las p\u00e1ginas que visita, lo que nos ayuda a entender c\u00f3mo podemos mejorar el sitio para usted.<br>Peri\u00f3dicamente, probamos nuevas funciones y hacemos cambios sutiles en el aspecto del sitio. Cuando a\u00fan estamos probando nuevas funciones, estas cookies pueden utilizarse para garantizarle una experiencia coherente en el sitio, mientras comprendemos qu\u00e9 optimizaciones aprecian m\u00e1s nuestros usuarios.<br>Como vendemos productos, es importante para nosotros conocer las estad\u00edsticas sobre cu\u00e1ntos visitantes de nuestro sitio compran realmente, por lo que este es el tipo de datos que rastrear\u00e1n estas cookies. Esto es importante para usted, ya que significa que podemos hacer previsiones comerciales precisas que nos permitan analizar nuestros costes de publicidad y productos para garantizar el mejor precio posible.<\/p>\n<p><strong>Compromiso de los usuarios<\/strong><br>El usuario se compromete a hacer un uso adecuado de los contenidos e informaciones que ECOLAND E-BIKE <strong>TOURS<\/strong> ofrece en el sitio web de <strong>ECOLAND E-BIKE TOURS<\/strong>:<\/p>\n<p>A) No realizar actividades il\u00edcitas o contrarias a la buena fe y al orden p\u00fablico;<br>B) No difundir propaganda o contenidos de car\u00e1cter racista, xen\u00f3fobo, de apuestas legales, juegos de azar, cualquier tipo de pornograf\u00eda ilegal, apolog\u00eda del terrorismo o contra los derechos humanos;<br>C) No provocar da\u00f1os en los sistemas f\u00edsicos (hardware) y l\u00f3gicos (software) de <strong>ECOLAND E-BIKE TOURS<\/strong>, de sus proveedores o de terceras personas, introducir o difundir en la red virus inform\u00e1ticos o cualesquiera otros sistemas f\u00edsicos o l\u00f3gicos que sean susceptibles de provocar los da\u00f1os anteriormente mencionados.<\/p>\n<p>M\u00e1s informaci\u00f3n<br>Esperemos que esto haya quedado aclarado y, como se ha mencionado anteriormente, si hay algo que no est\u00e1 seguro de si necesita o no, generalmente es m\u00e1s seguro dejar las cookies activadas si interact\u00faa con una de las funciones que utiliza en nuestro sitio.<\/p>\n<p><strong>Esta pol\u00edtica entrar\u00e1 en vigor en junio de 2021.<\/strong><\/p>\t\t\t\t\t\t<\/div>\n\t\t\t\t<\/div>\n\t\t\t\t\t<\/div>\n\t\t<\/div>\n\t\t\t\t\t<\/div>\n\t\t<\/section>\n\t\t\t\t<\/div>\n\t\t","protected":false},"excerpt":{"rendered":"<p>Pol\u00edtica de privacidad &#8211; ECOLAND E-BIKE TOURS Su privacidad es importante para nosotros. Es pol\u00edtica de ECOLAND E-BIKE TOURS \u00a0 respetar su privacidad con respecto a cualquier informaci\u00f3n que podamos recopilar en el sitio web de ECOLAND E-BIKE TOURS, y en otros sitios web que poseemos y gestionamos. S\u00f3lo solicitamos informaci\u00f3n personal cuando realmente la [&hellip;]<\/p>\n","protected":false},"author":2,"featured_media":0,"parent":0,"menu_order":0,"comment_status":"closed","ping_status":"closed","template":"","meta":[],"aioseo_notices":[],"_links":{"self":[{"href":"https:\/\/ebiketours.ecoland.pt\/es\/wp-json\/wp\/v2\/pages\/15750"}],"collection":[{"href":"https:\/\/ebiketours.ecoland.pt\/es\/wp-json\/wp\/v2\/pages"}],"about":[{"href":"https:\/\/ebiketours.ecoland.pt\/es\/wp-json\/wp\/v2\/types\/page"}],"author":[{"embeddable":true,"href":"https:\/\/ebiketours.ecoland.pt\/es\/wp-json\/wp\/v2\/users\/2"}],"replies":[{"embeddable":true,"href":"https:\/\/ebiketours.ecoland.pt\/es\/wp-json\/wp\/v2\/comments?post=15750"}],"version-history":[{"count":3,"href":"https:\/\/ebiketours.ecoland.pt\/es\/wp-json\/wp\/v2\/pages\/15750\/revisions"}],"predecessor-version":[{"id":18155,"href":"https:\/\/ebiketours.ecoland.pt\/es\/wp-json\/wp\/v2\/pages\/15750\/revisions\/18155"}],"wp:attachment":[{"href":"https:\/\/ebiketours.ecoland.pt\/es\/wp-json\/wp\/v2\/media?parent=15750"}],"curies":[{"name":"wp","href":"https:\/\/api.w.org\/{rel}","templated":true}]}}