{"id":15734,"date":"2023-04-07T16:41:01","date_gmt":"2023-04-07T16:41:01","guid":{"rendered":"https:\/\/ebiketours.ecoland.pt\/terminos-y-condiciones\/"},"modified":"2023-08-31T09:56:27","modified_gmt":"2023-08-31T09:56:27","slug":"terminos-y-condiciones","status":"publish","type":"page","link":"https:\/\/ebiketours.ecoland.pt\/es\/terminos-y-condiciones\/","title":{"rendered":"T\u00e9rminos y condiciones"},"content":{"rendered":"\t\t<div data-elementor-type=\"wp-page\" data-elementor-id=\"15734\" class=\"elementor elementor-15734 elementor-12583\">\n\t\t\t\t\t\t<section class=\"elementor-section elementor-top-section elementor-element elementor-element-d6057d5 elementor-section-boxed elementor-section-height-default elementor-section-height-default\" data-id=\"d6057d5\" data-element_type=\"section\">\n\t\t\t\t\t\t<div class=\"elementor-container elementor-column-gap-default\">\n\t\t\t\t\t<div class=\"elementor-column elementor-col-100 elementor-top-column elementor-element elementor-element-1b7e1fe\" data-id=\"1b7e1fe\" data-element_type=\"column\">\n\t\t\t<div class=\"elementor-widget-wrap elementor-element-populated\">\n\t\t\t\t\t\t<div class=\"elementor-element elementor-element-492d270 elementor-widget elementor-widget-heading\" data-id=\"492d270\" data-element_type=\"widget\" data-widget_type=\"heading.default\">\n\t\t\t\t<div class=\"elementor-widget-container\">\n\t\t\t<h2 class=\"elementor-heading-title elementor-size-default\">T\u00e9rminos y condiciones - ECOLAND E-BIKE TOURS<\/h2>\t\t<\/div>\n\t\t\t\t<\/div>\n\t\t\t\t<div class=\"elementor-element elementor-element-1cef90f elementor-widget elementor-widget-text-editor\" data-id=\"1cef90f\" data-element_type=\"widget\" data-widget_type=\"text-editor.default\">\n\t\t\t\t<div class=\"elementor-widget-container\">\n\t\t\t\t\t\t\t<p>Las presentes Condiciones Generales regulan el uso del sitio web https:\/\/ebiketours.ecoland.pt.<em>&nbsp;<\/em>(\u00abSitio\u00bb). Al acceder y utilizar el Sitio, usted reconoce y acepta estas condiciones. Si no est\u00e1 de acuerdo con los T\u00e9rminos y Condiciones, no utilice el Sitio.<\/p>\n<p>Alcance<br>Las presentes Condiciones Generales se aplican a la relaci\u00f3n entre  <strong>Ecoland<\/strong>  con sede en Corte Gafo de Cima &#8211; M\u00e9rtola&nbsp;  (en adelante www.ebiketours.ecoland.pt) y los Usuarios del Sitio y tiene por objeto proporcionar informaci\u00f3n general sobre nuestra empresa, productos, servicios y su actividad en general.<\/p>\n<p><strong>Derechos de propiedad intelectual e industrial<\/strong><br>Los usuarios del Sitio reconocen que todos los contenidos pertenecen a<strong> www.ebiketours.ecoland.pt<em>&nbsp;<\/em><\/strong>o a sus socios. Todos los contenidos, textos, fotograf\u00edas, dibujos, im\u00e1genes, logotipos, programas inform\u00e1ticos, la base de datos existente en el Sitio, as\u00ed como el propio Sitio como obra multimedia, est\u00e1n protegidos por derechos de autor en virtud de la legislaci\u00f3n vigente.<\/p>\n<p>Las marcas comerciales, logotipos y marcas de servicio que aparecen en el Sitio son propiedad de&nbsp;<strong>www.ebiketours.ecoland.pt<\/strong>&nbsp;o de terceros (identificados) y su uso no est\u00e1 permitido sin nuestro consentimiento previo.<\/p>\n<p><strong>Protecci\u00f3n de datos<\/strong><br>Puede consultar nuestra pol\u00edtica de privacidad en&nbsp;<a href=\"https:\/\/ebiketours.ecoland.pt\/politica-de-privacidade\/\">Pol\u00edtica de privacidad.<\/a><\/p>\n<p><strong>Responsabilidad<\/strong><br><strong>A www.ebiketours.ecoland.pt<\/strong>&nbsp;no ser\u00e1 responsable de los fallos o anomal\u00edas t\u00e9cnicas de las redes o l\u00edneas telef\u00f3nicas, los sistemas inform\u00e1ticos en l\u00ednea, los servidores o proveedores, los equipos inform\u00e1ticos, los programas inform\u00e1ticos, los fallos del servicio de correo electr\u00f3nico o de los reproductores de Contenido debidos a problemas t\u00e9cnicos o a la congesti\u00f3n del tr\u00e1fico en Internet o en una p\u00e1gina web, o a una combinaci\u00f3n de ambos, incluida la p\u00e9rdida o el da\u00f1o de su ordenador.<\/p>\n<p>&nbsp;<strong>www.ebiketours.ecoland.pt<\/strong>&nbsp;se reserva el derecho a interrumpir el acceso al Sitio Web durante el tiempo que estime oportuno por cualquier causa de \u00edndole t\u00e9cnica, administrativa, de fuerza mayor o de cualquier otra \u00edndole que sobrevenga y no est\u00e9 directamente contemplada en el presente documento.<\/p>\n<p><strong>Modificaci\u00f3n de las Condiciones Generales<\/strong><br>A&nbsp;www.ebiketours.ecoland.pt&nbsp;podr\u00e1 modificar autom\u00e1ticamente estas Condiciones en cualquier momento. Las Condiciones Generales revisadas se considerar\u00e1n aceptadas por sus usuarios si \u00e9stos contin\u00faan utilizando el Portal tras la publicaci\u00f3n de las nuevas Condiciones Generales.<\/p>\n<p><strong>Enlaces a sitios de terceros<\/strong><br>A&nbsp;www.ebiketours.ecoland.pt&nbsp;puede proporcionar enlaces a otras p\u00e1ginas, pero no controla ni es responsable&nbsp; del contenido de dichas p\u00e1ginas. Los usuarios deben consultar las condiciones y la pol\u00edtica de privacidad de estos enlaces.<\/p>\n<p><strong>Resoluci\u00f3n de conflictos<\/strong><br>En caso de litigio, el consumidor puede recurrir a un organismo de resoluci\u00f3n alternativa de litigios en materia de consumo.<br>M\u00e1s informaci\u00f3n sobre el Portal del Consumidor&nbsp;<a href=\"http:\/\/www.consumidor.pt\/\" data-saferedirecturl=\"https:\/\/www.google.com\/url?hl=pt-PT&amp;q=http:\/\/www.consumidor.pt&amp;source=gmail&amp;ust=1463050330855000&amp;usg=AFQjCNHFpMJ_LGZwlQwjYmseq03dBrCUgQ\">www.consumidor.pt<\/a><\/p>\n<p><strong>Contacte con<\/strong><br>Si tiene alguna duda o pregunta sobre estas Condiciones Generales, p\u00f3ngase en contacto con nosotros por correo electr\u00f3nico&nbsp;<strong>info@ecoland.pt<\/strong><\/p>\t\t\t\t\t\t<\/div>\n\t\t\t\t<\/div>\n\t\t\t\t\t<\/div>\n\t\t<\/div>\n\t\t\t\t\t<\/div>\n\t\t<\/section>\n\t\t\t\t<\/div>\n\t\t","protected":false},"excerpt":{"rendered":"<p>T\u00e9rminos y condiciones &#8211; ECOLAND E-BIKE TOURS Las presentes Condiciones Generales regulan el uso del sitio web https:\/\/ebiketours.ecoland.pt.\u00a0(\u00abSitio\u00bb). Al acceder y utilizar el Sitio, usted reconoce y acepta estas condiciones. Si no est\u00e1 de acuerdo con los T\u00e9rminos y Condiciones, no utilice el Sitio. Alcance Las presentes Condiciones Generales se aplican a la relaci\u00f3n entre [&hellip;]<\/p>\n","protected":false},"author":2,"featured_media":0,"parent":0,"menu_order":0,"comment_status":"closed","ping_status":"closed","template":"","meta":[],"aioseo_notices":[],"_links":{"self":[{"href":"https:\/\/ebiketours.ecoland.pt\/es\/wp-json\/wp\/v2\/pages\/15734"}],"collection":[{"href":"https:\/\/ebiketours.ecoland.pt\/es\/wp-json\/wp\/v2\/pages"}],"about":[{"href":"https:\/\/ebiketours.ecoland.pt\/es\/wp-json\/wp\/v2\/types\/page"}],"author":[{"embeddable":true,"href":"https:\/\/ebiketours.ecoland.pt\/es\/wp-json\/wp\/v2\/users\/2"}],"replies":[{"embeddable":true,"href":"https:\/\/ebiketours.ecoland.pt\/es\/wp-json\/wp\/v2\/comments?post=15734"}],"version-history":[{"count":3,"href":"https:\/\/ebiketours.ecoland.pt\/es\/wp-json\/wp\/v2\/pages\/15734\/revisions"}],"predecessor-version":[{"id":18156,"href":"https:\/\/ebiketours.ecoland.pt\/es\/wp-json\/wp\/v2\/pages\/15734\/revisions\/18156"}],"wp:attachment":[{"href":"https:\/\/ebiketours.ecoland.pt\/es\/wp-json\/wp\/v2\/media?parent=15734"}],"curies":[{"name":"wp","href":"https:\/\/api.w.org\/{rel}","templated":true}]}}