{"id":15724,"date":"2023-04-07T16:40:59","date_gmt":"2023-04-07T16:40:59","guid":{"rendered":"https:\/\/ebiketours.ecoland.pt\/bicicletas-electricas\/"},"modified":"2023-08-31T09:20:12","modified_gmt":"2023-08-31T09:20:12","slug":"bicicletas-electricas","status":"publish","type":"page","link":"https:\/\/ebiketours.ecoland.pt\/es\/bicicletas-electricas\/","title":{"rendered":"Bicicletas el\u00e9ctricas"},"content":{"rendered":"\t\t<div data-elementor-type=\"wp-page\" data-elementor-id=\"15724\" class=\"elementor elementor-15724 elementor-14971\">\n\t\t\t\t\t\t<section class=\"elementor-section elementor-top-section elementor-element elementor-element-279614c elementor-section-boxed elementor-section-height-default elementor-section-height-default\" data-id=\"279614c\" data-element_type=\"section\">\n\t\t\t\t\t\t<div class=\"elementor-container elementor-column-gap-default\">\n\t\t\t\t\t<div class=\"elementor-column elementor-col-100 elementor-top-column elementor-element elementor-element-9d87138\" data-id=\"9d87138\" data-element_type=\"column\">\n\t\t\t<div class=\"elementor-widget-wrap elementor-element-populated\">\n\t\t\t\t\t\t<div class=\"elementor-element elementor-element-e3c1b33 elementor-widget elementor-widget-heading\" data-id=\"e3c1b33\" data-element_type=\"widget\" data-widget_type=\"heading.default\">\n\t\t\t\t<div class=\"elementor-widget-container\">\n\t\t\t<h2 class=\"elementor-heading-title elementor-size-default\">Conoce nuestras E-Bikes<\/h2>\t\t<\/div>\n\t\t\t\t<\/div>\n\t\t\t\t\t<\/div>\n\t\t<\/div>\n\t\t\t\t\t<\/div>\n\t\t<\/section>\n\t\t\t\t<section class=\"elementor-section elementor-top-section elementor-element elementor-element-da75469 elementor-section-boxed elementor-section-height-default elementor-section-height-default\" data-id=\"da75469\" data-element_type=\"section\" data-settings=\"{&quot;background_background&quot;:&quot;classic&quot;}\">\n\t\t\t\t\t\t<div class=\"elementor-container elementor-column-gap-default\">\n\t\t\t\t\t<div class=\"elementor-column elementor-col-100 elementor-top-column elementor-element elementor-element-6c91fc5\" data-id=\"6c91fc5\" data-element_type=\"column\">\n\t\t\t<div class=\"elementor-widget-wrap elementor-element-populated\">\n\t\t\t\t\t\t<div class=\"elementor-element elementor-element-5e3b3e2 elementor-widget elementor-widget-heading\" data-id=\"5e3b3e2\" data-element_type=\"widget\" data-widget_type=\"heading.default\">\n\t\t\t\t<div class=\"elementor-widget-container\">\n\t\t\t<h2 class=\"elementor-heading-title elementor-size-default\">Riesen &amp; M\u00fcller<\/h2>\t\t<\/div>\n\t\t\t\t<\/div>\n\t\t\t\t<div class=\"elementor-element elementor-element-7cbf20c e-transform elementor-pagination-position-outside elementor-widget elementor-widget-image-carousel\" data-id=\"7cbf20c\" data-element_type=\"widget\" data-settings=\"{&quot;slides_to_show&quot;:&quot;1&quot;,&quot;navigation&quot;:&quot;dots&quot;,&quot;autoplay&quot;:&quot;no&quot;,&quot;_transform_scale_effect&quot;:{&quot;unit&quot;:&quot;px&quot;,&quot;size&quot;:0.6,&quot;sizes&quot;:[]},&quot;infinite&quot;:&quot;yes&quot;,&quot;effect&quot;:&quot;slide&quot;,&quot;speed&quot;:500,&quot;_transform_scale_effect_tablet&quot;:{&quot;unit&quot;:&quot;px&quot;,&quot;size&quot;:&quot;&quot;,&quot;sizes&quot;:[]},&quot;_transform_scale_effect_mobile&quot;:{&quot;unit&quot;:&quot;px&quot;,&quot;size&quot;:&quot;&quot;,&quot;sizes&quot;:[]}}\" data-widget_type=\"image-carousel.default\">\n\t\t\t\t<div class=\"elementor-widget-container\">\n\t\t\t\t\t<div class=\"elementor-image-carousel-wrapper swiper\" dir=\"ltr\">\n\t\t\t<div class=\"elementor-image-carousel swiper-wrapper\" aria-live=\"polite\">\n\t\t\t\t\t\t\t\t<div class=\"swiper-slide\" role=\"group\" aria-roledescription=\"slide\" aria-label=\"1 de 2\"><figure class=\"swiper-slide-inner\"><img decoding=\"async\" class=\"swiper-slide-image\" src=\"https:\/\/ebiketours.ecoland.pt\/wp-content\/uploads\/2023\/03\/21_F00485_Swi3_urb_43_Wite-768x512.jpg\" alt=\"Riesen &amp; Muller Branca\" \/><\/figure><\/div><div class=\"swiper-slide\" role=\"group\" aria-roledescription=\"slide\" aria-label=\"2 de 2\"><figure class=\"swiper-slide-inner\"><img decoding=\"async\" class=\"swiper-slide-image\" src=\"https:\/\/ebiketours.ecoland.pt\/wp-content\/uploads\/2023\/03\/21_F00485_Swi3_urb_43_Blk-768x512.jpg\" alt=\"Riesen &amp; Muller Preta\" \/><\/figure><\/div>\t\t\t<\/div>\n\t\t\t\t\t\t\t\n\t\t\t\t\t\t\t\t\t<div class=\"swiper-pagination\"><\/div>\n\t\t\t\t\t\t\t\t\t<\/div>\n\t\t\t\t<\/div>\n\t\t\t\t<\/div>\n\t\t\t\t<div class=\"elementor-element elementor-element-1de2515 elementor-widget elementor-widget-text-editor\" data-id=\"1de2515\" data-element_type=\"widget\" data-widget_type=\"text-editor.default\">\n\t\t\t\t<div class=\"elementor-widget-container\">\n\t\t\t\t\t\t\t<p>El Swing Silent de Riese &amp; M\u00fcller es uno de los modelos m\u00e1s c\u00f3modos de la marca, en una versi\u00f3n m\u00e1s potente con el motor Bosch Performance Line. La l\u00ednea retro de tu cuadro es una delicia. S\u00f3lo hay que probar esta moto para darse cuenta de que estamos ante una moto de alta gama. Sus componentes ofrecen una gran fiabilidad y durabilidad. Los frenos hidr\u00e1ulicos Magra V-Brake son imprescindibles.<\/p>\n\t\t\t\t\t\t<\/div>\n\t\t\t\t<\/div>\n\t\t\t\t\t<\/div>\n\t\t<\/div>\n\t\t\t\t\t<\/div>\n\t\t<\/section>\n\t\t\t\t<section class=\"elementor-section elementor-top-section elementor-element elementor-element-0501bee elementor-section-boxed elementor-section-height-default elementor-section-height-default\" data-id=\"0501bee\" data-element_type=\"section\">\n\t\t\t\t\t\t<div class=\"elementor-container elementor-column-gap-default\">\n\t\t\t\t\t<div class=\"elementor-column elementor-col-100 elementor-top-column elementor-element elementor-element-e5f56ad\" data-id=\"e5f56ad\" data-element_type=\"column\">\n\t\t\t<div class=\"elementor-widget-wrap elementor-element-populated\">\n\t\t\t\t\t\t<div class=\"elementor-element elementor-element-47ab5ae elementor-widget elementor-widget-image\" data-id=\"47ab5ae\" data-element_type=\"widget\" data-widget_type=\"image.default\">\n\t\t\t\t<div class=\"elementor-widget-container\">\n\t\t\t\t\t\t\t\t\t\t\t\t\t<img fetchpriority=\"high\" decoding=\"async\" width=\"800\" height=\"534\" src=\"https:\/\/ebiketours.ecoland.pt\/wp-content\/uploads\/2023\/03\/IMG_1875-1024x683.jpg\" class=\"attachment-large size-large wp-image-15234\" alt=\"\" srcset=\"https:\/\/ebiketours.ecoland.pt\/wp-content\/uploads\/2023\/03\/IMG_1875-1024x683.jpg 1024w, https:\/\/ebiketours.ecoland.pt\/wp-content\/uploads\/2023\/03\/IMG_1875-300x200.jpg 300w, https:\/\/ebiketours.ecoland.pt\/wp-content\/uploads\/2023\/03\/IMG_1875-768x512.jpg 768w, https:\/\/ebiketours.ecoland.pt\/wp-content\/uploads\/2023\/03\/IMG_1875-1536x1024.jpg 1536w, https:\/\/ebiketours.ecoland.pt\/wp-content\/uploads\/2023\/03\/IMG_1875-2048x1365.jpg 2048w\" sizes=\"(max-width: 800px) 100vw, 800px\" \/>\t\t\t\t\t\t\t\t\t\t\t\t\t<\/div>\n\t\t\t\t<\/div>\n\t\t\t\t\t<\/div>\n\t\t<\/div>\n\t\t\t\t\t<\/div>\n\t\t<\/section>\n\t\t\t\t<\/div>\n\t\t","protected":false},"excerpt":{"rendered":"<p>Conoce nuestras E-Bikes Riesen &amp; M\u00fcller El Swing Silent de Riese &amp; M\u00fcller es uno de los modelos m\u00e1s c\u00f3modos de la marca, en una versi\u00f3n m\u00e1s potente con el motor Bosch Performance Line. La l\u00ednea retro de tu cuadro es una delicia. S\u00f3lo hay que probar esta moto para darse cuenta de que estamos [&hellip;]<\/p>\n","protected":false},"author":2,"featured_media":0,"parent":0,"menu_order":0,"comment_status":"closed","ping_status":"closed","template":"","meta":[],"aioseo_notices":[],"_links":{"self":[{"href":"https:\/\/ebiketours.ecoland.pt\/es\/wp-json\/wp\/v2\/pages\/15724"}],"collection":[{"href":"https:\/\/ebiketours.ecoland.pt\/es\/wp-json\/wp\/v2\/pages"}],"about":[{"href":"https:\/\/ebiketours.ecoland.pt\/es\/wp-json\/wp\/v2\/types\/page"}],"author":[{"embeddable":true,"href":"https:\/\/ebiketours.ecoland.pt\/es\/wp-json\/wp\/v2\/users\/2"}],"replies":[{"embeddable":true,"href":"https:\/\/ebiketours.ecoland.pt\/es\/wp-json\/wp\/v2\/comments?post=15724"}],"version-history":[{"count":5,"href":"https:\/\/ebiketours.ecoland.pt\/es\/wp-json\/wp\/v2\/pages\/15724\/revisions"}],"predecessor-version":[{"id":18138,"href":"https:\/\/ebiketours.ecoland.pt\/es\/wp-json\/wp\/v2\/pages\/15724\/revisions\/18138"}],"wp:attachment":[{"href":"https:\/\/ebiketours.ecoland.pt\/es\/wp-json\/wp\/v2\/media?parent=15724"}],"curies":[{"name":"wp","href":"https:\/\/api.w.org\/{rel}","templated":true}]}}